{"id":49,"date":"2026-02-20T00:17:42","date_gmt":"2026-02-19T23:17:42","guid":{"rendered":"https:\/\/strona2.ewamicelska.pl\/?page_id=49"},"modified":"2026-02-20T00:17:51","modified_gmt":"2026-02-19T23:17:51","slug":"regulamin-sklepu","status":"publish","type":"page","link":"https:\/\/strona2.ewamicelska.pl\/?page_id=49","title":{"rendered":"Regulamin sklepu"},"content":{"rendered":"\t\t<div data-elementor-type=\"wp-page\" data-elementor-id=\"49\" class=\"elementor elementor-49\" data-elementor-post-type=\"page\">\n\t\t\t\t<div class=\"elementor-element elementor-element-2b660e4c e-flex e-con-boxed e-con e-parent\" data-id=\"2b660e4c\" data-element_type=\"container\" data-e-type=\"container\">\n\t\t\t\t\t<div class=\"e-con-inner\">\n\t\t\t\t<div class=\"elementor-element elementor-element-19ff078f elementor-widget elementor-widget-text-editor\" data-id=\"19ff078f\" data-element_type=\"widget\" data-e-type=\"widget\" data-widget_type=\"text-editor.default\">\n\t\t\t\t\t\t\t\t\t<p><strong>\u00a71 Postanowienia og\u00f3lne<\/strong><br \/><strong>1. Sklep internetowy prowadzony jest przez: Tote Print, UL. JOD\u0141OWICKA 14 \/ 20, 54-062 WROC\u0141AW, NIP: 8943276719, e-mail: biuro@toteprint.pl<\/strong><br \/><strong>2. Regulamin okre\u015bla zasady korzystania ze sklepu internetowego.<\/strong><br \/><strong>\u00a72 Definicje<\/strong><br \/><strong>Klient \u2012 osoba dokonuj\u0105ca zakup\u00f3w w sklepie.<\/strong><br \/><strong>Konsument \u2012 osoba fizyczna dokonuj\u0105ca zakupu niezwi\u0105zanego z dzia\u0142alno\u015bci\u0105 gospodarcz\u0105.<\/strong><br \/><strong>\u00a73 Sk\u0142adanie zam\u00f3wie\u0144<\/strong><br \/><strong>1. Zam\u00f3wienia sk\u0142adane s\u0105 za po\u015brednictwem strony internetowej sklepu.<\/strong><br \/><strong>2. Warunkiem z\u0142o\u017cenia zam\u00f3wienia jest akceptacja regulaminu.<\/strong><br \/><strong>\u00a74 P\u0142atno\u015bci i dostawa<\/strong><br \/><strong>1. Ceny podane s\u0105 w z\u0142otych polskich i zawieraj\u0105 podatek VAT.<\/strong><br \/><strong>2. Dostawa realizowana jest na adres wskazany przez klienta.<\/strong><br \/><strong>\u00a75 Prawo odst\u0105pienia od umowy<\/strong><br \/><strong>1. Konsument ma prawo odst\u0105pi\u0107 od umowy w terminie 14 dni.<\/strong><br \/><strong>2. Zwrot \u015brodk\u00f3w nast\u0119puje w terminie 14 dni.<\/strong><br \/><strong>\u00a76 Reklamacje<\/strong><br \/><strong>1. Sprzedawca odpowiada z tytu\u0142u r\u0119kojmi zgodnie z Kodeksem cywilnym.<\/strong><br \/><strong>2. Reklamacje rozpatrywane s\u0105 w terminie 14 dni.<\/strong><br \/><strong>\u00a77 Ochrona danych osobowych<\/strong><br \/><strong>Dane osobowe przetwarzane s\u0105 zgodnie z RODO.<\/strong><br \/><strong>\u00a78 Postanowienia ko\u0144cowe<\/strong><br \/><strong>Regulamin wchodzi w \u017cycie z dniem publikacji.<\/strong><\/p>\t\t\t\t\t\t\t\t<\/div>\n\t\t\t\t\t<\/div>\n\t\t\t\t<\/div>\n\t\t\t\t<\/div>\n\t\t","protected":false},"excerpt":{"rendered":"<p>\u00a71 Postanowienia og\u00f3lne1. Sklep internetowy prowadzony jest przez: Tote Print, UL. JOD\u0141OWICKA 14 \/ 20, 54-062 WROC\u0141AW, NIP: 8943276719, e-mail: biuro@toteprint.pl2. Regulamin okre\u015bla zasady korzystania ze sklepu internetowego.\u00a72 DefinicjeKlient \u2012 osoba dokonuj\u0105ca zakup\u00f3w w sklepie.Konsument \u2012 osoba fizyczna dokonuj\u0105ca zakupu niezwi\u0105zanego z dzia\u0142alno\u015bci\u0105 gospodarcz\u0105.\u00a73 Sk\u0142adanie zam\u00f3wie\u01441. Zam\u00f3wienia sk\u0142adane s\u0105 za po\u015brednictwem strony internetowej sklepu.2. Warunkiem [&hellip;]<\/p>\n","protected":false},"author":1,"featured_media":0,"parent":0,"menu_order":0,"comment_status":"closed","ping_status":"closed","template":"","meta":{"footnotes":""},"class_list":["post-49","page","type-page","status-publish","hentry"],"jetpack_sharing_enabled":true,"_links":{"self":[{"href":"https:\/\/strona2.ewamicelska.pl\/index.php?rest_route=\/wp\/v2\/pages\/49","targetHints":{"allow":["GET"]}}],"collection":[{"href":"https:\/\/strona2.ewamicelska.pl\/index.php?rest_route=\/wp\/v2\/pages"}],"about":[{"href":"https:\/\/strona2.ewamicelska.pl\/index.php?rest_route=\/wp\/v2\/types\/page"}],"author":[{"embeddable":true,"href":"https:\/\/strona2.ewamicelska.pl\/index.php?rest_route=\/wp\/v2\/users\/1"}],"replies":[{"embeddable":true,"href":"https:\/\/strona2.ewamicelska.pl\/index.php?rest_route=%2Fwp%2Fv2%2Fcomments&post=49"}],"version-history":[{"count":4,"href":"https:\/\/strona2.ewamicelska.pl\/index.php?rest_route=\/wp\/v2\/pages\/49\/revisions"}],"predecessor-version":[{"id":114,"href":"https:\/\/strona2.ewamicelska.pl\/index.php?rest_route=\/wp\/v2\/pages\/49\/revisions\/114"}],"wp:attachment":[{"href":"https:\/\/strona2.ewamicelska.pl\/index.php?rest_route=%2Fwp%2Fv2%2Fmedia&parent=49"}],"curies":[{"name":"wp","href":"https:\/\/api.w.org\/{rel}","templated":true}]}}