{"id":39,"date":"2026-02-20T00:17:40","date_gmt":"2026-02-19T23:17:40","guid":{"rendered":"https:\/\/strona2.ewamicelska.pl\/?page_id=39"},"modified":"2026-02-20T00:18:15","modified_gmt":"2026-02-19T23:18:15","slug":"torby-bawelniane","status":"publish","type":"page","link":"https:\/\/strona2.ewamicelska.pl\/?page_id=39","title":{"rendered":"Torby bawe\u0142niane"},"content":{"rendered":"\t\t<div data-elementor-type=\"wp-page\" data-elementor-id=\"39\" class=\"elementor elementor-39\" data-elementor-post-type=\"page\">\n\t\t\t\t<div class=\"elementor-element elementor-element-44480e32 e-con-full e-flex e-con e-parent\" data-id=\"44480e32\" data-element_type=\"container\" data-e-type=\"container\" data-settings=\"{&quot;background_background&quot;:&quot;gradient&quot;}\">\n\t\t\t\t<div class=\"elementor-element elementor-element-306e69b elementor-widget__width-initial elementor-widget-tablet__width-inherit elementor-widget elementor-widget-image\" data-id=\"306e69b\" data-element_type=\"widget\" data-e-type=\"widget\" data-widget_type=\"image.default\">\n\t\t\t\t\t\t\t\t\t\t\t\t\t\t\t<img fetchpriority=\"high\" decoding=\"async\" width=\"683\" height=\"1024\" src=\"https:\/\/strona2.ewamicelska.pl\/wp-content\/uploads\/2026\/02\/ChatGPT-Image-15-lut-2026-16_11_47-1-683x1024.webp\" class=\"attachment-large size-large wp-image-40\" alt=\"\" srcset=\"https:\/\/strona2.ewamicelska.pl\/wp-content\/uploads\/2026\/02\/ChatGPT-Image-15-lut-2026-16_11_47-1-683x1024.webp 683w, https:\/\/strona2.ewamicelska.pl\/wp-content\/uploads\/2026\/02\/ChatGPT-Image-15-lut-2026-16_11_47-1-200x300.webp 200w, https:\/\/strona2.ewamicelska.pl\/wp-content\/uploads\/2026\/02\/ChatGPT-Image-15-lut-2026-16_11_47-1-768x1152.webp 768w, https:\/\/strona2.ewamicelska.pl\/wp-content\/uploads\/2026\/02\/ChatGPT-Image-15-lut-2026-16_11_47-1-416x624.webp 416w, https:\/\/strona2.ewamicelska.pl\/wp-content\/uploads\/2026\/02\/ChatGPT-Image-15-lut-2026-16_11_47-1.webp 1024w\" sizes=\"(max-width: 683px) 100vw, 683px\" \/>\t\t\t\t\t\t\t\t\t\t\t\t\t\t\t<\/div>\n\t\t<div class=\"elementor-element elementor-element-298ddb3d e-con-full e-flex e-con e-child\" data-id=\"298ddb3d\" data-element_type=\"container\" data-e-type=\"container\">\n\t\t\t\t<div class=\"elementor-element elementor-element-3a52c576 elementor-widget elementor-widget-text-editor\" data-id=\"3a52c576\" data-element_type=\"widget\" data-e-type=\"widget\" data-widget_type=\"text-editor.default\">\n\t\t\t\t\t\t\t\t\t<p>Torby bawe\u0142niane, kt\u00f3re pracuj\u0105 na Twoj\u0105 mark\u0119 ka\u017cdego dnia<br \/>Szukasz praktycznego, estetycznego i ekologicznego no\u015bnika reklamy, kt\u00f3ry naprawd\u0119<br \/>zostanie z Twoimi klientami na d\u0142u\u017cej? Nasze torby bawe\u0142niane z kr\u00f3tkim i d\u0142ugim<br \/>uchem to sprawdzone rozwi\u0105zanie, kt\u00f3re \u0142\u0105czy funkcjonalno\u015b\u0107 z nowoczesnym<br \/>wizerunkiem marki.<br \/>Jako\u015b\u0107, kt\u00f3r\u0105 wida\u0107 i czu\u0107<br \/>Oferujemy torby wykonane z wysokogatunkowej bawe\u0142ny, dost\u0119pne w szerokiej palecie<br \/>kolor\u00f3w, dopasowanej do identyfikacji wizualnej Twojej firmy.<br \/>W zale\u017cno\u015bci od potrzeb realizujemy zam\u00f3wienia z:<br \/>\u2022 surowej, niebarwionej bawe\u0142ny w naturalnym kolorze \u00e9cru \u2013 w 100% ekologicznej,<br \/>\u2022 bawe\u0142ny barwionej, kt\u00f3ra przechodzi proces prania, stabilizacji i utrwalania koloru.<br \/>Dzi\u0119ki zastosowanym technologiom torby:<br \/>\u2022 nie farbuj\u0105,<br \/>\u2022 s\u0105 odporne na intensywne u\u017cytkowanie,<br \/>\u2022 nadaj\u0105 si\u0119 do prania,<br \/>\u2022 przez d\u0142ugi czas zachowuj\u0105 estetyczny wygl\u0105d.<br \/>Reklama, kt\u00f3ra dzia\u0142a d\u0142u\u017cej ni\u017c jeden dzie\u0144<br \/>Torby ekologiczne z nadrukiem firmowym to jeden z najskuteczniejszych gad\u017cet\u00f3w<br \/>reklamowych. \u015awietnie sprawdzaj\u0105 si\u0119 podczas targ\u00f3w, konferencji, event\u00f3w oraz jako<br \/>praktyczny upominek dla klient\u00f3w.<br \/>Ka\u017cda torba z logo firmy to mobilna reklama, kt\u00f3ra codziennie dociera do nowych<br \/>odbiorc\u00f3w, jednocze\u015bnie buduj\u0105c wizerunek marki odpowiedzialnej i nowoczesnej.<br \/>Wyb\u00f3r, kt\u00f3ry doceni\u0105 Twoi klienci<br \/>Decyduj\u0105c si\u0119 na torby bawe\u0142niane z nadrukiem inwestujesz w promocj\u0119, kt\u00f3ra<br \/>odpowiada na oczekiwania wsp\u00f3\u0142czesnych konsument\u00f3w i pracuje na rozpoznawalno\u015b\u0107<br \/>Twojej marki ka\u017cdego dnia.<\/p>\t\t\t\t\t\t\t\t<\/div>\n\t\t\t\t<\/div>\n\t\t\t\t<\/div>\n\t\t\t\t<\/div>\n\t\t","protected":false},"excerpt":{"rendered":"<p>Torby bawe\u0142niane, kt\u00f3re pracuj\u0105 na Twoj\u0105 mark\u0119 ka\u017cdego dniaSzukasz praktycznego, estetycznego i ekologicznego no\u015bnika reklamy, kt\u00f3ry naprawd\u0119zostanie z Twoimi klientami na d\u0142u\u017cej? Nasze torby bawe\u0142niane z kr\u00f3tkim i d\u0142ugimuchem to sprawdzone rozwi\u0105zanie, kt\u00f3re \u0142\u0105czy funkcjonalno\u015b\u0107 z nowoczesnymwizerunkiem marki.Jako\u015b\u0107, kt\u00f3r\u0105 wida\u0107 i czu\u0107Oferujemy torby wykonane z wysokogatunkowej bawe\u0142ny, dost\u0119pne w szerokiej paleciekolor\u00f3w, dopasowanej do identyfikacji wizualnej [&hellip;]<\/p>\n","protected":false},"author":1,"featured_media":0,"parent":0,"menu_order":0,"comment_status":"closed","ping_status":"closed","template":"","meta":{"footnotes":""},"class_list":["post-39","page","type-page","status-publish","hentry"],"jetpack_sharing_enabled":true,"_links":{"self":[{"href":"https:\/\/strona2.ewamicelska.pl\/index.php?rest_route=\/wp\/v2\/pages\/39","targetHints":{"allow":["GET"]}}],"collection":[{"href":"https:\/\/strona2.ewamicelska.pl\/index.php?rest_route=\/wp\/v2\/pages"}],"about":[{"href":"https:\/\/strona2.ewamicelska.pl\/index.php?rest_route=\/wp\/v2\/types\/page"}],"author":[{"embeddable":true,"href":"https:\/\/strona2.ewamicelska.pl\/index.php?rest_route=\/wp\/v2\/users\/1"}],"replies":[{"embeddable":true,"href":"https:\/\/strona2.ewamicelska.pl\/index.php?rest_route=%2Fwp%2Fv2%2Fcomments&post=39"}],"version-history":[{"count":6,"href":"https:\/\/strona2.ewamicelska.pl\/index.php?rest_route=\/wp\/v2\/pages\/39\/revisions"}],"predecessor-version":[{"id":120,"href":"https:\/\/strona2.ewamicelska.pl\/index.php?rest_route=\/wp\/v2\/pages\/39\/revisions\/120"}],"wp:attachment":[{"href":"https:\/\/strona2.ewamicelska.pl\/index.php?rest_route=%2Fwp%2Fv2%2Fmedia&parent=39"}],"curies":[{"name":"wp","href":"https:\/\/api.w.org\/{rel}","templated":true}]}}