{"id":35,"date":"2026-02-20T00:17:38","date_gmt":"2026-02-19T23:17:38","guid":{"rendered":"https:\/\/strona2.ewamicelska.pl\/?page_id=35"},"modified":"2026-02-20T00:18:09","modified_gmt":"2026-02-19T23:18:09","slug":"torba-z-nadrukiem","status":"publish","type":"page","link":"https:\/\/strona2.ewamicelska.pl\/?page_id=35","title":{"rendered":"Torba z nadrukiem"},"content":{"rendered":"\t\t<div data-elementor-type=\"wp-page\" data-elementor-id=\"35\" class=\"elementor elementor-35\" data-elementor-post-type=\"page\">\n\t\t\t\t<div class=\"elementor-element elementor-element-1bf75e38 e-con-full e-flex e-con e-parent\" data-id=\"1bf75e38\" data-element_type=\"container\" data-e-type=\"container\" data-settings=\"{&quot;background_background&quot;:&quot;gradient&quot;}\">\n\t\t\t\t<div class=\"elementor-element elementor-element-1501c2d9 elementor-widget__width-initial elementor-widget-tablet__width-inherit elementor-widget elementor-widget-image\" data-id=\"1501c2d9\" data-element_type=\"widget\" data-e-type=\"widget\" data-widget_type=\"image.default\">\n\t\t\t\t\t\t\t\t\t\t\t\t\t\t\t<img fetchpriority=\"high\" decoding=\"async\" width=\"683\" height=\"1024\" src=\"https:\/\/strona2.ewamicelska.pl\/wp-content\/uploads\/2026\/02\/ChatGPT-Image-15-lut-2026-16_36_18-683x1024.webp\" class=\"attachment-large size-large wp-image-36\" alt=\"\" srcset=\"https:\/\/strona2.ewamicelska.pl\/wp-content\/uploads\/2026\/02\/ChatGPT-Image-15-lut-2026-16_36_18-683x1024.webp 683w, https:\/\/strona2.ewamicelska.pl\/wp-content\/uploads\/2026\/02\/ChatGPT-Image-15-lut-2026-16_36_18-200x300.webp 200w, https:\/\/strona2.ewamicelska.pl\/wp-content\/uploads\/2026\/02\/ChatGPT-Image-15-lut-2026-16_36_18-768x1152.webp 768w, https:\/\/strona2.ewamicelska.pl\/wp-content\/uploads\/2026\/02\/ChatGPT-Image-15-lut-2026-16_36_18-416x624.webp 416w, https:\/\/strona2.ewamicelska.pl\/wp-content\/uploads\/2026\/02\/ChatGPT-Image-15-lut-2026-16_36_18.webp 1024w\" sizes=\"(max-width: 683px) 100vw, 683px\" \/>\t\t\t\t\t\t\t\t\t\t\t\t\t\t\t<\/div>\n\t\t<div class=\"elementor-element elementor-element-6d6c2b9e e-con-full e-flex e-con e-child\" data-id=\"6d6c2b9e\" data-element_type=\"container\" data-e-type=\"container\">\n\t\t\t\t<div class=\"elementor-element elementor-element-758331c1 elementor-widget elementor-widget-text-editor\" data-id=\"758331c1\" data-element_type=\"widget\" data-e-type=\"widget\" data-widget_type=\"text-editor.default\">\n\t\t\t\t\t\t\t\t\t<p>Torby bawe\u0142niane z nadrukiem \u2013 reklama, kt\u00f3ra zostaje<br \/>z klientem<br \/>Szukasz skutecznego sposobu na promocj\u0119 swojej marki, kt\u00f3ry b\u0119dzie jednocze\u015bnie praktyczny,<br \/>estetyczny i zgodny z ide\u0105 ekologii? Torby bawe\u0142niane z nadrukiem to sprawdzone narz\u0119dzie<br \/>marketingowe, kt\u00f3re realnie pracuje na rozpoznawalno\u015b\u0107 Twojej firmy \u2013 ka\u017cdego dnia.<br \/>Dlaczego torby z nadrukiem dzia\u0142aj\u0105?<br \/>To co\u015b wi\u0119cej ni\u017c gad\u017cet. Torba z logo to mobilna reklama, kt\u00f3ra towarzyszy klientom podczas<br \/>zakup\u00f3w, w drodze do pracy, na uczelni czy podczas wydarze\u0144 bran\u017cowych. Ka\u017cde u\u017cycie to kolejne<br \/>wy\u015bwietlenie Twojej marki \u2013 bez dodatkowych koszt\u00f3w.<br \/>Najwa\u017cniejsze korzy\u015bci dla Twojej firmy<br \/>\u2022 Budujesz profesjonalny i nowoczesny wizerunek marki<br \/>\u2022 Zwi\u0119kszasz rozpoznawalno\u015b\u0107 logo w naturalny spos\u00f3b<br \/>\u2022 Oferujesz klientom realn\u0105 warto\u015b\u0107 u\u017cytkow\u0105<br \/>\u2022 Wzmacniasz ekologiczne i odpowiedzialne postrzeganie firmy<br \/>\u2022 Inwestujesz w reklam\u0119 d\u0142ugoterminow\u0105, a nie jednorazow\u0105<br \/>Jako\u015b\u0107, kt\u00f3ra wspiera Tw\u00f3j wizerunek<br \/>Nasze torby wykonane s\u0105 z wysokiej jako\u015bci bawe\u0142ny \u2013 dost\u0119pnej zar\u00f3wno w wersji naturalnej (\u00e9cru),<br \/>jak i barwionej. Materia\u0142y przechodz\u0105 proces prania, stabilizacji i utrwalania koloru, dzi\u0119ki czemu<br \/>torby nie farbuj\u0105, s\u0105 odporne na u\u017cytkowanie i nadaj\u0105 si\u0119 do prania, zachowuj\u0105c estetyczny wygl\u0105d<br \/>przez d\u0142ugi czas.<br \/>Idealne na ka\u017cd\u0105 okazj\u0119<br \/>Torby z nadrukiem \u015bwietnie sprawdzaj\u0105 si\u0119 jako:<br \/>\u2022 gad\u017cet reklamowy na targi i konferencje<br \/>\u2022 element pakiet\u00f3w powitalnych i eventowych<br \/>\u2022 praktyczny upominek dla klient\u00f3w i partner\u00f3w biznesowych<br \/>\u2022 ekologiczna alternatywa dla jednorazowych opakowa\u0144<br \/>Decyzja, kt\u00f3ra si\u0119 op\u0142aca<br \/>Wybieraj\u0105c torby bawe\u0142niane z nadrukiem, inwestujesz w rozwi\u0105zanie, kt\u00f3re \u0142\u0105czy marketing,<br \/>funkcjonalno\u015b\u0107 i warto\u015bci bliskie wsp\u00f3\u0142czesnym konsumentom. To reklama, kt\u00f3r\u0105 klienci chc\u0105 nosi\u0107 <br \/>a Twoja marka na tym zyskuje.<\/p>\t\t\t\t\t\t\t\t<\/div>\n\t\t\t\t<\/div>\n\t\t\t\t<\/div>\n\t\t\t\t<\/div>\n\t\t","protected":false},"excerpt":{"rendered":"<p>Torby bawe\u0142niane z nadrukiem \u2013 reklama, kt\u00f3ra zostajez klientemSzukasz skutecznego sposobu na promocj\u0119 swojej marki, kt\u00f3ry b\u0119dzie jednocze\u015bnie praktyczny,estetyczny i zgodny z ide\u0105 ekologii? Torby bawe\u0142niane z nadrukiem to sprawdzone narz\u0119dziemarketingowe, kt\u00f3re realnie pracuje na rozpoznawalno\u015b\u0107 Twojej firmy \u2013 ka\u017cdego dnia.Dlaczego torby z nadrukiem dzia\u0142aj\u0105?To co\u015b wi\u0119cej ni\u017c gad\u017cet. Torba z logo to mobilna reklama, [&hellip;]<\/p>\n","protected":false},"author":1,"featured_media":0,"parent":0,"menu_order":0,"comment_status":"closed","ping_status":"closed","template":"","meta":{"footnotes":""},"class_list":["post-35","page","type-page","status-publish","hentry"],"jetpack_sharing_enabled":true,"_links":{"self":[{"href":"https:\/\/strona2.ewamicelska.pl\/index.php?rest_route=\/wp\/v2\/pages\/35","targetHints":{"allow":["GET"]}}],"collection":[{"href":"https:\/\/strona2.ewamicelska.pl\/index.php?rest_route=\/wp\/v2\/pages"}],"about":[{"href":"https:\/\/strona2.ewamicelska.pl\/index.php?rest_route=\/wp\/v2\/types\/page"}],"author":[{"embeddable":true,"href":"https:\/\/strona2.ewamicelska.pl\/index.php?rest_route=\/wp\/v2\/users\/1"}],"replies":[{"embeddable":true,"href":"https:\/\/strona2.ewamicelska.pl\/index.php?rest_route=%2Fwp%2Fv2%2Fcomments&post=35"}],"version-history":[{"count":6,"href":"https:\/\/strona2.ewamicelska.pl\/index.php?rest_route=\/wp\/v2\/pages\/35\/revisions"}],"predecessor-version":[{"id":118,"href":"https:\/\/strona2.ewamicelska.pl\/index.php?rest_route=\/wp\/v2\/pages\/35\/revisions\/118"}],"wp:attachment":[{"href":"https:\/\/strona2.ewamicelska.pl\/index.php?rest_route=%2Fwp%2Fv2%2Fmedia&parent=35"}],"curies":[{"name":"wp","href":"https:\/\/api.w.org\/{rel}","templated":true}]}}