{"id":31,"date":"2026-02-20T00:17:37","date_gmt":"2026-02-19T23:17:37","guid":{"rendered":"https:\/\/strona2.ewamicelska.pl\/?page_id=31"},"modified":"2026-02-20T00:17:50","modified_gmt":"2026-02-19T23:17:50","slug":"termo-printy","status":"publish","type":"page","link":"https:\/\/strona2.ewamicelska.pl\/?page_id=31","title":{"rendered":"Termo printy"},"content":{"rendered":"\t\t<div data-elementor-type=\"wp-page\" data-elementor-id=\"31\" class=\"elementor elementor-31\" data-elementor-post-type=\"page\">\n\t\t\t\t<div class=\"elementor-element elementor-element-7d425123 e-con-full e-flex e-con e-parent\" data-id=\"7d425123\" data-element_type=\"container\" data-e-type=\"container\" data-settings=\"{&quot;background_background&quot;:&quot;gradient&quot;}\">\n\t\t<div class=\"elementor-element elementor-element-109fa750 e-con-full e-flex e-con e-child\" data-id=\"109fa750\" data-element_type=\"container\" data-e-type=\"container\">\n\t\t\t\t<div class=\"elementor-element elementor-element-206caebe elementor-widget elementor-widget-text-editor\" data-id=\"206caebe\" data-element_type=\"widget\" data-e-type=\"widget\" data-widget_type=\"text-editor.default\">\n\t\t\t\t\t\t\t\t\t<p>Termotransfery DTF \u2013 nowoczesna technologia nadruku<br \/>bez ogranicze\u0144<br \/>Termotransfery DTF (Direct To Film) to innowacyjna metoda znakowania, kt\u00f3ra daje pe\u0142n\u0105 swobod\u0119<br \/>w projektowaniu nadruk\u00f3w. Pozwala na precyzyjne przenoszenie grafik na r\u00f3\u017cne materia\u0142y <br \/>bawe\u0142n\u0119, poliester oraz tkaniny mieszane \u2013 bez kompromis\u00f3w jako\u015bciowych.<br \/>Jako\u015b\u0107, kt\u00f3ra robi r\u00f3\u017cnic\u0119<br \/>Druk DTF wyr\u00f3\u017cnia si\u0119 wyj\u0105tkow\u0105 ostro\u015bci\u0105 detali, intensywn\u0105 kolorystyk\u0105 oraz wysok\u0105 trwa\u0142o\u015bci\u0105.<br \/>Nadruki s\u0105 odporne na cz\u0119ste pranie, rozci\u0105ganie i codzienne u\u017cytkowanie, zachowuj\u0105c estetyczny<br \/>wygl\u0105d przez d\u0142ugi czas.<br \/>Pe\u0142na swoboda projektowa<br \/>Technologia DTF doskonale sprawdza si\u0119 zar\u00f3wno przy prostych logotypach, jak i przy<br \/>skomplikowanych projektach graficznych z du\u017c\u0105 ilo\u015bci\u0105 detali, przej\u015bciami tonalnymi oraz pe\u0142n\u0105<br \/>palet\u0105 kolor\u00f3w. Termotransfery mo\u017cna aplikowa\u0107 na jasne i ciemne tkaniny, bez konieczno\u015bci<br \/>wcze\u015bniejszego przygotowania materia\u0142u.<br \/>Efektywno\u015b\u0107 i powtarzalno\u015b\u0107<br \/>DTF to rozwi\u0105zanie szybkie, elastyczne i w pe\u0142ni powtarzalne. Idealnie sprawdza si\u0119 zar\u00f3wno przy<br \/>kr\u00f3tkich seriach, jak i przy produkcji wi\u0119kszych nak\u0142ad\u00f3w, zapewniaj\u0105c sp\u00f3jn\u0105 jako\u015b\u0107 ka\u017cdego<br \/>nadruku.<br \/>Dla kogo?<br \/>Termotransfery DTF to doskona\u0142y wyb\u00f3r dla:<br \/>\u2022 firm i marek odzie\u017cowych<br \/>\u2022 agencji reklamowych i drukarni<br \/>\u2022 producent\u00f3w odzie\u017cy roboczej i promocyjnej<br \/>\u2022 wszystkich, kt\u00f3rzy oczekuj\u0105 nowoczesnego i niezawodnego nadruku<br \/>DTF to technologia, kt\u00f3ra \u0142\u0105czy jako\u015b\u0107, elastyczno\u015b\u0107 i szybko\u015b\u0107 realizacji \u2013 dok\u0142adnie to, czego<br \/>oczekuje wsp\u00f3\u0142czesny rynek<\/p>\t\t\t\t\t\t\t\t<\/div>\n\t\t\t\t<\/div>\n\t\t<div class=\"elementor-element elementor-element-4f08bb97 e-con-full e-flex e-con e-child\" data-id=\"4f08bb97\" data-element_type=\"container\" data-e-type=\"container\" data-settings=\"{&quot;background_background&quot;:&quot;slideshow&quot;,&quot;background_slideshow_gallery&quot;:[{&quot;id&quot;:32,&quot;url&quot;:&quot;https:\\\/\\\/strona2.ewamicelska.pl\\\/wp-content\\\/uploads\\\/2026\\\/02\\\/ChatGPT-Image-15-lut-2026-19_07_20.png&quot;}],&quot;background_slideshow_loop&quot;:&quot;yes&quot;,&quot;background_slideshow_slide_duration&quot;:5000,&quot;background_slideshow_slide_transition&quot;:&quot;fade&quot;,&quot;background_slideshow_transition_duration&quot;:500}\">\n\t\t\t\t<\/div>\n\t\t\t\t<\/div>\n\t\t\t\t<\/div>\n\t\t","protected":false},"excerpt":{"rendered":"<p>Termotransfery DTF \u2013 nowoczesna technologia nadrukubez ogranicze\u0144Termotransfery DTF (Direct To Film) to innowacyjna metoda znakowania, kt\u00f3ra daje pe\u0142n\u0105 swobod\u0119w projektowaniu nadruk\u00f3w. Pozwala na precyzyjne przenoszenie grafik na r\u00f3\u017cne materia\u0142y bawe\u0142n\u0119, poliester oraz tkaniny mieszane \u2013 bez kompromis\u00f3w jako\u015bciowych.Jako\u015b\u0107, kt\u00f3ra robi r\u00f3\u017cnic\u0119Druk DTF wyr\u00f3\u017cnia si\u0119 wyj\u0105tkow\u0105 ostro\u015bci\u0105 detali, intensywn\u0105 kolorystyk\u0105 oraz wysok\u0105 trwa\u0142o\u015bci\u0105.Nadruki s\u0105 odporne na [&hellip;]<\/p>\n","protected":false},"author":1,"featured_media":0,"parent":0,"menu_order":0,"comment_status":"closed","ping_status":"closed","template":"","meta":{"footnotes":""},"class_list":["post-31","page","type-page","status-publish","hentry"],"jetpack_sharing_enabled":true,"_links":{"self":[{"href":"https:\/\/strona2.ewamicelska.pl\/index.php?rest_route=\/wp\/v2\/pages\/31","targetHints":{"allow":["GET"]}}],"collection":[{"href":"https:\/\/strona2.ewamicelska.pl\/index.php?rest_route=\/wp\/v2\/pages"}],"about":[{"href":"https:\/\/strona2.ewamicelska.pl\/index.php?rest_route=\/wp\/v2\/types\/page"}],"author":[{"embeddable":true,"href":"https:\/\/strona2.ewamicelska.pl\/index.php?rest_route=\/wp\/v2\/users\/1"}],"replies":[{"embeddable":true,"href":"https:\/\/strona2.ewamicelska.pl\/index.php?rest_route=%2Fwp%2Fv2%2Fcomments&post=31"}],"version-history":[{"count":4,"href":"https:\/\/strona2.ewamicelska.pl\/index.php?rest_route=\/wp\/v2\/pages\/31\/revisions"}],"predecessor-version":[{"id":104,"href":"https:\/\/strona2.ewamicelska.pl\/index.php?rest_route=\/wp\/v2\/pages\/31\/revisions\/104"}],"wp:attachment":[{"href":"https:\/\/strona2.ewamicelska.pl\/index.php?rest_route=%2Fwp%2Fv2%2Fmedia&parent=31"}],"curies":[{"name":"wp","href":"https:\/\/api.w.org\/{rel}","templated":true}]}}