{"id":27,"date":"2026-02-20T00:17:35","date_gmt":"2026-02-19T23:17:35","guid":{"rendered":"https:\/\/strona2.ewamicelska.pl\/?page_id=27"},"modified":"2026-02-20T00:17:50","modified_gmt":"2026-02-19T23:17:50","slug":"folia-cft","status":"publish","type":"page","link":"https:\/\/strona2.ewamicelska.pl\/?page_id=27","title":{"rendered":"Folia CFT"},"content":{"rendered":"\t\t<div data-elementor-type=\"wp-page\" data-elementor-id=\"27\" class=\"elementor elementor-27\" data-elementor-post-type=\"page\">\n\t\t\t\t<div class=\"elementor-element elementor-element-52ca0564 e-con-full e-flex e-con e-parent\" data-id=\"52ca0564\" data-element_type=\"container\" data-e-type=\"container\" data-settings=\"{&quot;background_background&quot;:&quot;gradient&quot;}\">\n\t\t<div class=\"elementor-element elementor-element-5ec4e6ad e-con-full e-flex e-con e-child\" data-id=\"5ec4e6ad\" data-element_type=\"container\" data-e-type=\"container\">\n\t\t\t\t<div class=\"elementor-element elementor-element-553d956b elementor-widget elementor-widget-text-editor\" data-id=\"553d956b\" data-element_type=\"widget\" data-e-type=\"widget\" data-widget_type=\"text-editor.default\">\n\t\t\t\t\t\t\t\t\t<p>Folia CTF do separacji kolor\u00f3w \u2013 precyzja, na kt\u00f3rej<br \/>mo\u017cesz polega\u0107<br \/>Profesjonalna folia inkjetowa do sitodruku, zaprojektowana specjalnie z my\u015bl\u0105 o separacji kolor\u00f3w w<br \/>technologii CTF. To rozwi\u0105zanie dla drukarni i pracowni, kt\u00f3re oczekuj\u0105 maksymalnej kontroli nad<br \/>jako\u015bci\u0105 na\u015bwietlania oraz powtarzalnych, przewidywalnych efekt\u00f3w.<br \/>Perfekcyjna jako\u015b\u0107 obrazu<br \/>Dzi\u0119ki zastosowaniu mikroporowatej pow\u0142oki folia zapewnia g\u0142\u0119bok\u0105, nasycon\u0105 czer\u0144, wyj\u0105tkow\u0105<br \/>ostro\u015b\u0107 detali oraz r\u00f3wnomierne pokrycie tuszem. Przek\u0142ada si\u0119 to na precyzyjne na\u015bwietlanie sit,<br \/>lepsz\u0105 separacj\u0119 kolor\u00f3w i wy\u017csz\u0105 jako\u015b\u0107 finalnego nadruku.<br \/>Stabilno\u015b\u0107 i niezawodno\u015b\u0107 w produkcji<br \/>Folia CTF charakteryzuje si\u0119 bardzo dobr\u0105 rozdzielczo\u015bci\u0105 oraz wysokim nasyceniem kolor\u00f3w.<br \/>Doskonale sprawdza si\u0119 zar\u00f3wno w mniejszych pracowniach, jak i w drukarniach o du\u017cej<br \/>wydajno\u015bci, gdzie liczy si\u0119 szybko\u015b\u0107 pracy, stabilno\u015b\u0107 materia\u0142u i powtarzalno\u015b\u0107 rezultat\u00f3w.<br \/>Ekonomiczne rozwi\u0105zanie bez kompromis\u00f3w<br \/>To ekonomiczne rozwi\u0105zanie, kt\u00f3re pozwala ograniczy\u0107 zu\u017cycie tuszu oraz koszty produkcji,<br \/>jednocze\u015bnie zachowuj\u0105c profesjonaln\u0105 jako\u015b\u0107 wydruk\u00f3w. Idealny wyb\u00f3r dla firm, kt\u00f3re chc\u0105<br \/>zwi\u0119kszy\u0107 efektywno\u015b\u0107 bez utraty jako\u015bci.<br \/>Najwa\u017cniejsze cechy produktu<br \/>\u2022 wodoodporna folia do druku atramentowego<br \/>\u2022 szybkie schni\u0119cie tuszu<br \/>\u2022 kompatybilna z atramentami barwnikowymi i pigmentowymi<br \/>\u2022 wsp\u00f3\u0142pracuje z drukarkami Epson \/ Canon \/ HP<br \/>\u2022 odporna na zwijanie si\u0119 i deformacje<\/p>\t\t\t\t\t\t\t\t<\/div>\n\t\t\t\t<\/div>\n\t\t<div class=\"elementor-element elementor-element-55eef718 e-con-full e-flex e-con e-child\" data-id=\"55eef718\" data-element_type=\"container\" data-e-type=\"container\" data-settings=\"{&quot;background_background&quot;:&quot;slideshow&quot;,&quot;background_slideshow_gallery&quot;:[{&quot;id&quot;:28,&quot;url&quot;:&quot;https:\\\/\\\/strona2.ewamicelska.pl\\\/wp-content\\\/uploads\\\/2026\\\/02\\\/ChatGPT-Image-15-lut-2026-19_07_11.png&quot;}],&quot;background_slideshow_loop&quot;:&quot;yes&quot;,&quot;background_slideshow_slide_duration&quot;:5000,&quot;background_slideshow_slide_transition&quot;:&quot;fade&quot;,&quot;background_slideshow_transition_duration&quot;:500}\">\n\t\t\t\t<\/div>\n\t\t\t\t<\/div>\n\t\t\t\t<\/div>\n\t\t","protected":false},"excerpt":{"rendered":"<p>Folia CTF do separacji kolor\u00f3w \u2013 precyzja, na kt\u00f3rejmo\u017cesz polega\u0107Profesjonalna folia inkjetowa do sitodruku, zaprojektowana specjalnie z my\u015bl\u0105 o separacji kolor\u00f3w wtechnologii CTF. To rozwi\u0105zanie dla drukarni i pracowni, kt\u00f3re oczekuj\u0105 maksymalnej kontroli nadjako\u015bci\u0105 na\u015bwietlania oraz powtarzalnych, przewidywalnych efekt\u00f3w.Perfekcyjna jako\u015b\u0107 obrazuDzi\u0119ki zastosowaniu mikroporowatej pow\u0142oki folia zapewnia g\u0142\u0119bok\u0105, nasycon\u0105 czer\u0144, wyj\u0105tkow\u0105ostro\u015b\u0107 detali oraz r\u00f3wnomierne pokrycie tuszem. [&hellip;]<\/p>\n","protected":false},"author":1,"featured_media":0,"parent":0,"menu_order":0,"comment_status":"closed","ping_status":"closed","template":"","meta":{"footnotes":""},"class_list":["post-27","page","type-page","status-publish","hentry"],"jetpack_sharing_enabled":true,"_links":{"self":[{"href":"https:\/\/strona2.ewamicelska.pl\/index.php?rest_route=\/wp\/v2\/pages\/27","targetHints":{"allow":["GET"]}}],"collection":[{"href":"https:\/\/strona2.ewamicelska.pl\/index.php?rest_route=\/wp\/v2\/pages"}],"about":[{"href":"https:\/\/strona2.ewamicelska.pl\/index.php?rest_route=\/wp\/v2\/types\/page"}],"author":[{"embeddable":true,"href":"https:\/\/strona2.ewamicelska.pl\/index.php?rest_route=\/wp\/v2\/users\/1"}],"replies":[{"embeddable":true,"href":"https:\/\/strona2.ewamicelska.pl\/index.php?rest_route=%2Fwp%2Fv2%2Fcomments&post=27"}],"version-history":[{"count":4,"href":"https:\/\/strona2.ewamicelska.pl\/index.php?rest_route=\/wp\/v2\/pages\/27\/revisions"}],"predecessor-version":[{"id":102,"href":"https:\/\/strona2.ewamicelska.pl\/index.php?rest_route=\/wp\/v2\/pages\/27\/revisions\/102"}],"wp:attachment":[{"href":"https:\/\/strona2.ewamicelska.pl\/index.php?rest_route=%2Fwp%2Fv2%2Fmedia&parent=27"}],"curies":[{"name":"wp","href":"https:\/\/api.w.org\/{rel}","templated":true}]}}