{"id":20,"date":"2026-02-20T00:17:32","date_gmt":"2026-02-19T23:17:32","guid":{"rendered":"https:\/\/strona2.ewamicelska.pl\/?page_id=20"},"modified":"2026-02-20T00:17:50","modified_gmt":"2026-02-19T23:17:50","slug":"o-firmie","status":"publish","type":"page","link":"https:\/\/strona2.ewamicelska.pl\/?page_id=20","title":{"rendered":"O firmie"},"content":{"rendered":"\t\t<div data-elementor-type=\"wp-page\" data-elementor-id=\"20\" class=\"elementor elementor-20\" data-elementor-post-type=\"page\">\n\t\t\t\t<div class=\"elementor-element elementor-element-75313fe5 e-con-full e-flex e-con e-parent\" data-id=\"75313fe5\" data-element_type=\"container\" data-e-type=\"container\" data-settings=\"{&quot;background_background&quot;:&quot;gradient&quot;}\">\n\t\t<div class=\"elementor-element elementor-element-1d302a12 e-con-full e-flex e-con e-child\" data-id=\"1d302a12\" data-element_type=\"container\" data-e-type=\"container\">\n\t\t\t\t<div class=\"elementor-element elementor-element-6df803 elementor-widget elementor-widget-text-editor\" data-id=\"6df803\" data-element_type=\"widget\" data-e-type=\"widget\" data-widget_type=\"text-editor.default\">\n\t\t\t\t\t\t\t\t\t<p data-start=\"246\" data-end=\"584\">Jeste\u015bmy nowoczesn\u0105 drukarni\u0105 specjalizuj\u0105c\u0105 si\u0119 w\u00a0<strong data-start=\"297\" data-end=\"314\">nadrukach DTF<\/strong>,\u00a0<strong data-start=\"316\" data-end=\"329\">sitodruku<\/strong>\u00a0oraz\u00a0<strong data-start=\"335\" data-end=\"364\">produkcji termotransfer\u00f3w<\/strong>. Od pocz\u0105tku naszej dzia\u0142alno\u015bci stawiamy na\u00a0<strong data-start=\"410\" data-end=\"437\">wysok\u0105 jako\u015b\u0107 wykonania<\/strong>,\u00a0<strong data-start=\"439\" data-end=\"465\">powtarzalno\u015b\u0107 nadruk\u00f3w<\/strong>\u00a0oraz\u00a0<strong data-start=\"471\" data-end=\"503\">nowoczesne technologie druku<\/strong>, kt\u00f3re spe\u0142niaj\u0105 oczekiwania zar\u00f3wno klient\u00f3w indywidualnych, jak i biznesowych.<\/p><p data-start=\"586\" data-end=\"909\">Produkujemy\u00a0<strong data-start=\"598\" data-end=\"642\">ekologiczne torby bawe\u0142niane z nadrukiem<\/strong>, realizuj\u0105c projekty reklamowe, promocyjne i sprzeda\u017cowe dla marek, agencji reklamowych oraz firm z r\u00f3\u017cnych bran\u017c. W naszej ofercie znajduje si\u0119 r\u00f3wnie\u017c\u00a0<strong data-start=\"796\" data-end=\"856\">sprzeda\u017c folii CTF do przygotowania matryc sitodrukowych<\/strong>, przeznaczonych dla drukarni i pracowni graficznych.<\/p><p data-start=\"911\" data-end=\"1227\">Ka\u017cde zam\u00f3wienie traktujemy indywidualnie \u2013 od doradztwa technicznego, przez przygotowanie plik\u00f3w, a\u017c po gotowy produkt. Dzi\u0119ki po\u0142\u0105czeniu do\u015bwiadczenia, zaplecza produkcyjnego i elastycznego podej\u015bcia jeste\u015bmy w stanie realizowa\u0107 zar\u00f3wno kr\u00f3tkie serie, jak i wi\u0119ksze nak\u0142ady, zachowuj\u0105c najwy\u017csze standardy jako\u015bci.<\/p><p data-start=\"1229\" data-end=\"1355\">Naszym celem jest tworzenie nadruk\u00f3w, kt\u00f3re\u00a0<strong data-start=\"1273\" data-end=\"1354\">dobrze wygl\u0105daj\u0105, s\u0105 trwa\u0142e i realnie wspieraj\u0105 sprzeda\u017c oraz wizerunek marek<\/strong>.<\/p>\t\t\t\t\t\t\t\t<\/div>\n\t\t\t\t<\/div>\n\t\t<div class=\"elementor-element elementor-element-620c8ac8 e-con-full e-flex e-con e-child\" data-id=\"620c8ac8\" data-element_type=\"container\" data-e-type=\"container\" data-settings=\"{&quot;background_background&quot;:&quot;slideshow&quot;,&quot;background_slideshow_gallery&quot;:[{&quot;id&quot;:21,&quot;url&quot;:&quot;https:\\\/\\\/strona2.ewamicelska.pl\\\/wp-content\\\/uploads\\\/2026\\\/02\\\/ChatGPT-Image-15-lut-2026-19_13_56.png&quot;}],&quot;background_slideshow_loop&quot;:&quot;yes&quot;,&quot;background_slideshow_slide_duration&quot;:5000,&quot;background_slideshow_slide_transition&quot;:&quot;fade&quot;,&quot;background_slideshow_transition_duration&quot;:500}\">\n\t\t\t\t<\/div>\n\t\t\t\t<\/div>\n\t\t\t\t<\/div>\n\t\t","protected":false},"excerpt":{"rendered":"<p>Jeste\u015bmy nowoczesn\u0105 drukarni\u0105 specjalizuj\u0105c\u0105 si\u0119 w\u00a0nadrukach DTF,\u00a0sitodruku\u00a0oraz\u00a0produkcji termotransfer\u00f3w. Od pocz\u0105tku naszej dzia\u0142alno\u015bci stawiamy na\u00a0wysok\u0105 jako\u015b\u0107 wykonania,\u00a0powtarzalno\u015b\u0107 nadruk\u00f3w\u00a0oraz\u00a0nowoczesne technologie druku, kt\u00f3re spe\u0142niaj\u0105 oczekiwania zar\u00f3wno klient\u00f3w indywidualnych, jak i biznesowych. Produkujemy\u00a0ekologiczne torby bawe\u0142niane z nadrukiem, realizuj\u0105c projekty reklamowe, promocyjne i sprzeda\u017cowe dla marek, agencji reklamowych oraz firm z r\u00f3\u017cnych bran\u017c. W naszej ofercie znajduje si\u0119 r\u00f3wnie\u017c\u00a0sprzeda\u017c folii [&hellip;]<\/p>\n","protected":false},"author":1,"featured_media":0,"parent":0,"menu_order":0,"comment_status":"closed","ping_status":"closed","template":"","meta":{"footnotes":""},"class_list":["post-20","page","type-page","status-publish","hentry"],"jetpack_sharing_enabled":true,"_links":{"self":[{"href":"https:\/\/strona2.ewamicelska.pl\/index.php?rest_route=\/wp\/v2\/pages\/20","targetHints":{"allow":["GET"]}}],"collection":[{"href":"https:\/\/strona2.ewamicelska.pl\/index.php?rest_route=\/wp\/v2\/pages"}],"about":[{"href":"https:\/\/strona2.ewamicelska.pl\/index.php?rest_route=\/wp\/v2\/types\/page"}],"author":[{"embeddable":true,"href":"https:\/\/strona2.ewamicelska.pl\/index.php?rest_route=\/wp\/v2\/users\/1"}],"replies":[{"embeddable":true,"href":"https:\/\/strona2.ewamicelska.pl\/index.php?rest_route=%2Fwp%2Fv2%2Fcomments&post=20"}],"version-history":[{"count":4,"href":"https:\/\/strona2.ewamicelska.pl\/index.php?rest_route=\/wp\/v2\/pages\/20\/revisions"}],"predecessor-version":[{"id":98,"href":"https:\/\/strona2.ewamicelska.pl\/index.php?rest_route=\/wp\/v2\/pages\/20\/revisions\/98"}],"wp:attachment":[{"href":"https:\/\/strona2.ewamicelska.pl\/index.php?rest_route=%2Fwp%2Fv2%2Fmedia&parent=20"}],"curies":[{"name":"wp","href":"https:\/\/api.w.org\/{rel}","templated":true}]}}