{"id":17,"date":"2026-02-20T00:17:32","date_gmt":"2026-02-19T23:17:32","guid":{"rendered":"https:\/\/strona2.ewamicelska.pl\/?page_id=17"},"modified":"2026-02-20T00:17:50","modified_gmt":"2026-02-19T23:17:50","slug":"kontakt-i-dane-firmy","status":"publish","type":"page","link":"https:\/\/strona2.ewamicelska.pl\/?page_id=17","title":{"rendered":"Kontakt i dane firmy"},"content":{"rendered":"\t\t<div data-elementor-type=\"wp-page\" data-elementor-id=\"17\" class=\"elementor elementor-17\" data-elementor-post-type=\"page\">\n\t\t\t\t<div class=\"elementor-element elementor-element-3d218e3d e-flex e-con-boxed e-con e-parent\" data-id=\"3d218e3d\" data-element_type=\"container\" data-e-type=\"container\">\n\t\t\t\t\t<div class=\"e-con-inner\">\n\t\t\t\t<div class=\"elementor-element elementor-element-4608daf1 elementor-widget elementor-widget-text-editor\" data-id=\"4608daf1\" data-element_type=\"widget\" data-e-type=\"widget\" data-widget_type=\"text-editor.default\">\n\t\t\t\t\t\t\t\t\t<p><strong>Tote Print<\/strong><\/p><p>adres: UL. JOD\u0141OWICKA 14 \/ 20, 54-062 WROC\u0141AW<\/p><p>email: <strong>biuro@toteprint.pl<\/strong><\/p><p>tel: <strong>510 034 629<\/strong><\/p><h5 class=\"elementor-heading-title elementor-size-default\"><strong>Masz pytanie? \u015amia\u0142o napisz \u2014 jeste\u015bmy tu dla Ciebie<\/strong><\/h5>\t\t\t\t\t\t\t\t<\/div>\n\t\t\t\t\t<\/div>\n\t\t\t\t<\/div>\n\t\t\t\t<\/div>\n\t\t","protected":false},"excerpt":{"rendered":"<p>Tote Print adres: UL. JOD\u0141OWICKA 14 \/ 20, 54-062 WROC\u0141AW email: biuro@toteprint.pl tel: 510 034 629 Masz pytanie? \u015amia\u0142o napisz \u2014 jeste\u015bmy tu dla Ciebie<\/p>\n","protected":false},"author":1,"featured_media":0,"parent":0,"menu_order":0,"comment_status":"closed","ping_status":"closed","template":"elementor_header_footer","meta":{"footnotes":""},"class_list":["post-17","page","type-page","status-publish","hentry"],"jetpack_sharing_enabled":true,"_links":{"self":[{"href":"https:\/\/strona2.ewamicelska.pl\/index.php?rest_route=\/wp\/v2\/pages\/17","targetHints":{"allow":["GET"]}}],"collection":[{"href":"https:\/\/strona2.ewamicelska.pl\/index.php?rest_route=\/wp\/v2\/pages"}],"about":[{"href":"https:\/\/strona2.ewamicelska.pl\/index.php?rest_route=\/wp\/v2\/types\/page"}],"author":[{"embeddable":true,"href":"https:\/\/strona2.ewamicelska.pl\/index.php?rest_route=\/wp\/v2\/users\/1"}],"replies":[{"embeddable":true,"href":"https:\/\/strona2.ewamicelska.pl\/index.php?rest_route=%2Fwp%2Fv2%2Fcomments&post=17"}],"version-history":[{"count":4,"href":"https:\/\/strona2.ewamicelska.pl\/index.php?rest_route=\/wp\/v2\/pages\/17\/revisions"}],"predecessor-version":[{"id":96,"href":"https:\/\/strona2.ewamicelska.pl\/index.php?rest_route=\/wp\/v2\/pages\/17\/revisions\/96"}],"wp:attachment":[{"href":"https:\/\/strona2.ewamicelska.pl\/index.php?rest_route=%2Fwp%2Fv2%2Fmedia&parent=17"}],"curies":[{"name":"wp","href":"https:\/\/api.w.org\/{rel}","templated":true}]}}